{"id":2,"date":"2016-05-10T03:48:21","date_gmt":"2016-05-10T03:48:21","guid":{"rendered":"http:\/\/text-fenster.de\/?page_id=2"},"modified":"2024-01-26T15:12:19","modified_gmt":"2024-01-26T15:12:19","slug":"sample-page","status":"publish","type":"page","link":"https:\/\/text-fenster.de\/","title":{"rendered":"HOME"},"content":{"rendered":"\n<h3><img decoding=\"async\" loading=\"lazy\" class=\"alignleft wp-image-8\" src=\"http:\/\/text-fenster.de\/wp-content\/uploads\/2018\/08\/laptop_start_550x495-300x271.png\" alt=\"constanze busch texterin sauerlan\" width=\"400\" height=\"361\" srcset=\"https:\/\/text-fenster.de\/wp-content\/uploads\/2018\/08\/laptop_start_550x495-300x271.png 300w, https:\/\/text-fenster.de\/wp-content\/uploads\/2018\/08\/laptop_start_550x495.png 550w\" sizes=\"(max-width: 400px) 85vw, 400px\" \/><span style=\"color: #85146a;\">Herzlich willkommen in meinem Textfenster<\/span><\/h3>\n\n\n\n<p>Ich bin Journalistin und schreibe f\u00fcr Magazine, Tageszeitungen, Blogs, Firmen und Agenturen. Ich liefere spannende Berichte, Reportagen und Analysen aus Wirtschaft, Kultur und Gesellschaft. In meinen Texten bringe ich komplexe Zusammenh\u00e4nge auf den Punkt, portr\u00e4tiere Menschen und erz\u00e4hle ihre Geschichten.<\/p>\n\n\n\n<p>Ich schreibe unter anderem f\u00fcr das Medienmagazin <a href=\"https:\/\/uebermedien.de\/86398\/die-pressefreiheit-muss-auch-in-siegen-verteidigt-werden\/\" target=\"_blank\" rel=\"noreferrer noopener\">\u00dcbermedien<\/a> und das lokale Medien-Start-up <a href=\"https:\/\/www.rums.ms\/ueber-uns\/\" target=\"_blank\" rel=\"noreferrer noopener\">RUMS<\/a>, das ich au\u00dferdem zwei Jahre lang als Redaktionsleiterin mit aufgebaut und redaktionell gestaltet habe.<\/p>\n\n\n\n<p><strong>Texte und \u00dcbersetzungen in Leichte Sprache<\/strong><\/p>\n\n\n\n<p>Neben meiner journalistischen Arbeit habe ich mich zur \u00dcbersetzerin f\u00fcr Leichte Sprache weitergebildet. Gerne biete ich auf Anfrage auch Texte in Leichter Sprache an.<\/p>\n\n\n\n<p>In einem neuen Projekt bringe ich meine beiden Berufe zusammen: Gemeinsam mit der inklusiven Redaktion des Magazins <a href=\"https:\/\/andererseits.org\/\" target=\"_blank\" rel=\"noreferrer noopener\">andererseits<\/a> entwickle ich zurzeit ein journalistisches Produkt in Leichter Sprache.<\/p>\n\n\n\n<p><strong>Konzepte, Projektmanagement, Lektorat<\/strong><\/p>\n\n\n\n<p>F\u00fcr Unternehmenspublikationen und Websites finde ich die richtigen Worte und Konzepte. Gemeinsam mit meinen Kundinnen und Kunden erarbeite ich den roten Faden f\u00fcr Firmenmagazine und Jahresberichte: Welche Geschichten stecken in und hinter dem, was Sie t\u00e4glich tun? Welche Neuigkeiten sind f\u00fcr Ihre Mitarbeiter und Gesch\u00e4ftspartnerinnen interessant? Wen sollen sie kennenlernen? Bei gr\u00f6\u00dferen Projekten \u00fcbernehme ich auf Wunsch auch die Organisation und das Projektmanagement.<\/p>\n\n\n\n<p>Wenn fertige Texte zu \u00fcberarbeiten sind, biete ich ein umfassendes Lektorat an: Ich pr\u00fcfe Orthografie und Zeichensetzung, Verst\u00e4ndlichkeit und Stil.<\/p>\n\n\n\n<h3 id=\"\u00fcbermich\"><span style=\"color: #85146a;\">\u00dcber mich<\/span><\/h3>\n\n\n<div class=\"wp-block-image\">\n<figure class=\"alignright\"><img decoding=\"async\" loading=\"lazy\" width=\"225\" height=\"300\" src=\"http:\/\/text-fenster.de\/wp-content\/uploads\/2018\/08\/Busch-Constanze-01-225x300.jpg\" alt=\"texterin constanze busch\" class=\"wp-image-7\" srcset=\"https:\/\/text-fenster.de\/wp-content\/uploads\/2018\/08\/Busch-Constanze-01-225x300.jpg 225w, https:\/\/text-fenster.de\/wp-content\/uploads\/2018\/08\/Busch-Constanze-01.jpg 531w\" sizes=\"(max-width: 225px) 85vw, 225px\" \/><\/figure><\/div>\n\n\n<p>Eine Geschichte \u00fcber Spargelbauern im M\u00fcnsterland \u00f6ffnete mir w\u00e4hrend meines Studiums die T\u00fcren der M\u00fcnsterschen Zeitung. Bis zu meinem Magisterabschluss in den F\u00e4chern Romanistik, Germanistik und \u00d6ffentliches Recht arbeitete ich au\u00dferdem freiberuflich f\u00fcr die Pressestelle des Landschaftsverbandes Westfalen-Lippe und das Journalistennetzwerk ag text.<\/p>\n\n\n\n<p>F\u00fcr mein Tageszeitungsvolontariat beim M\u00e4rkischen Zeitungsverlag und dem Westf\u00e4lischen Anzeiger zog ich ins Sauerland, wo ich anschlie\u00dfend gut anderthalb Jahre als Redakteurin arbeitete. 2015 entschied ich mich wieder f\u00fcr die Selbst\u00e4ndigkeit. Die Konzepte und Ideen f\u00fcr meine Geschichten entwickle ich seitdem in meinem B\u00fcro in Meinerzhagen oder auf Reisen durch Europa.<\/p>\n\n\n\n<h3 id=\"referenzen\"><span style=\"color: #85146a;\">Referenzen<\/span><\/h3>\n\n\n\n<p>Einige ausgew\u00e4hlte Referenzen meiner Arbeit.<\/p>\n\n\n\n<figure class=\"wp-block-image size-large is-resized\"><a href=\"https:\/\/andererseits.org\/geheimplan\/\" target=\"_blank\" rel=\"noopener\"><img decoding=\"async\" loading=\"lazy\" src=\"http:\/\/text-fenster.de\/wp-content\/uploads\/2024\/01\/RZ_andererseits-Logo-Druck-CMYK_2020-01-1310.jpg\" alt=\"andererseits redakteurin meinerzhagen\" width=\"300\" height=\"171\"\/><\/a><\/figure>\n\n\n\n<p><\/p>\n\n\n\n<figure class=\"wp-block-image\"><a href=\"https:\/\/www.brandeins.de\/magazine\/brand-eins-wirtschaftsmagazin\/2017\/fortschritt\/wie-sieht-die-innenstadt-von-morgen-aus\" target=\"_blank\" rel=\"noopener\"><img decoding=\"async\" loading=\"lazy\" width=\"300\" height=\"171\" src=\"http:\/\/text-fenster.de\/wp-content\/uploads\/2018\/08\/brandeins_magazin1-300x171.jpg\" alt=\"brandeins redakteurin meinerzhagen\" class=\"wp-image-74\" srcset=\"https:\/\/text-fenster.de\/wp-content\/uploads\/2018\/08\/brandeins_magazin1-300x171.jpg 300w, https:\/\/text-fenster.de\/wp-content\/uploads\/2018\/08\/brandeins_magazin1-768x439.jpg 768w, https:\/\/text-fenster.de\/wp-content\/uploads\/2018\/08\/brandeins_magazin1-1024x585.jpg 1024w, https:\/\/text-fenster.de\/wp-content\/uploads\/2018\/08\/brandeins_magazin1-1200x686.jpg 1200w, https:\/\/text-fenster.de\/wp-content\/uploads\/2018\/08\/brandeins_magazin1.jpg 1960w\" sizes=\"(max-width: 300px) 85vw, 300px\" \/><\/a><\/figure>\n\n\n\n<p><\/p>\n\n\n\n<figure class=\"wp-block-image\"><a href=\"https:\/\/www.inklusives-arbeitsleben.lwl.org\/interview_eucrea\/\" target=\"_blank\" rel=\"noopener\"><img decoding=\"async\" loading=\"lazy\" width=\"300\" height=\"171\" src=\"http:\/\/text-fenster.de\/wp-content\/uploads\/2018\/08\/LWL_Logo-300x171.jpg\" alt=\"inkusives arbeitsleben lwl blog\" class=\"wp-image-78\" srcset=\"https:\/\/text-fenster.de\/wp-content\/uploads\/2018\/08\/LWL_Logo-300x171.jpg 300w, https:\/\/text-fenster.de\/wp-content\/uploads\/2018\/08\/LWL_Logo-768x439.jpg 768w, https:\/\/text-fenster.de\/wp-content\/uploads\/2018\/08\/LWL_Logo-1024x585.jpg 1024w, https:\/\/text-fenster.de\/wp-content\/uploads\/2018\/08\/LWL_Logo-1200x686.jpg 1200w, https:\/\/text-fenster.de\/wp-content\/uploads\/2018\/08\/LWL_Logo.jpg 1960w\" sizes=\"(max-width: 300px) 85vw, 300px\" \/><\/a><\/figure>\n\n\n\n<p><\/p>\n\n\n\n<figure class=\"wp-block-image\"><a href=\"http:\/\/text-fenster.de\/wp-content\/uploads\/2018\/08\/2016_Magazin_BVR.pdf\" target=\"_blank\" rel=\"noopener\"><img decoding=\"async\" loading=\"lazy\" width=\"300\" height=\"171\" src=\"http:\/\/text-fenster.de\/wp-content\/uploads\/2018\/08\/bvr_logo1-300x171.jpg\" alt=\"magazin bvr texterin constanze busch\" class=\"wp-image-79\" srcset=\"https:\/\/text-fenster.de\/wp-content\/uploads\/2018\/08\/bvr_logo1-300x171.jpg 300w, https:\/\/text-fenster.de\/wp-content\/uploads\/2018\/08\/bvr_logo1-768x439.jpg 768w, https:\/\/text-fenster.de\/wp-content\/uploads\/2018\/08\/bvr_logo1-1024x585.jpg 1024w, https:\/\/text-fenster.de\/wp-content\/uploads\/2018\/08\/bvr_logo1-1200x686.jpg 1200w, https:\/\/text-fenster.de\/wp-content\/uploads\/2018\/08\/bvr_logo1.jpg 1960w\" sizes=\"(max-width: 300px) 85vw, 300px\" \/><\/a><\/figure>\n\n\n\n<p><\/p>\n\n\n\n<figure class=\"wp-block-image\"><a href=\"http:\/\/text-fenster.de\/wp-content\/uploads\/2018\/08\/2016_Magazin-Integrationsunternehmen.pdf\" target=\"_blank\" rel=\"noopener\"><img decoding=\"async\" loading=\"lazy\" width=\"300\" height=\"171\" src=\"http:\/\/text-fenster.de\/wp-content\/uploads\/2018\/08\/lwl_inklusion-300x171.jpg\" alt=\"magazin landschaftsverband westfalen lippe inklusion\" class=\"wp-image-84\" srcset=\"https:\/\/text-fenster.de\/wp-content\/uploads\/2018\/08\/lwl_inklusion-300x171.jpg 300w, https:\/\/text-fenster.de\/wp-content\/uploads\/2018\/08\/lwl_inklusion-768x439.jpg 768w, https:\/\/text-fenster.de\/wp-content\/uploads\/2018\/08\/lwl_inklusion-1024x585.jpg 1024w, https:\/\/text-fenster.de\/wp-content\/uploads\/2018\/08\/lwl_inklusion-1200x686.jpg 1200w, https:\/\/text-fenster.de\/wp-content\/uploads\/2018\/08\/lwl_inklusion.jpg 1960w\" sizes=\"(max-width: 300px) 85vw, 300px\" \/><\/a><\/figure>\n\n\n\n<h3 id=\"kontakt\"><span style=\"color: #85146a;\">Kontakt<\/span><\/h3>\n\n\n\n<p>Constanze Busch<br>Journalistin<br>Tel.: <a href=\"tel:+491774234409\">0177\/4234409<\/a><br>E-Mail: <a href=\"mailto:busch@text-fenster.de\">busch@text-fenster.de<\/a><br>Web: <a href=\"http:\/\/www.text-fenster.de\" target=\"_blank\" rel=\"noopener\">www.text-fenster.de<\/a><\/p>\n","protected":false},"excerpt":{"rendered":"<p>Herzlich willkommen in meinem Textfenster Ich bin Journalistin und schreibe f\u00fcr Magazine, Tageszeitungen, Blogs, Firmen und Agenturen. Ich liefere spannende Berichte, Reportagen und Analysen aus Wirtschaft, Kultur und Gesellschaft. In meinen Texten bringe ich komplexe Zusammenh\u00e4nge auf den Punkt, portr\u00e4tiere Menschen und erz\u00e4hle ihre Geschichten. Ich schreibe unter anderem f\u00fcr das Medienmagazin \u00dcbermedien und das &hellip; <a href=\"https:\/\/text-fenster.de\/\" class=\"more-link\"><span class=\"screen-reader-text\">&#8222;HOME&#8220; <\/span>weiterlesen<\/a><\/p>\n","protected":false},"author":1,"featured_media":0,"parent":0,"menu_order":1,"comment_status":"closed","ping_status":"open","template":"","meta":[],"_links":{"self":[{"href":"https:\/\/text-fenster.de\/index.php?rest_route=\/wp\/v2\/pages\/2"}],"collection":[{"href":"https:\/\/text-fenster.de\/index.php?rest_route=\/wp\/v2\/pages"}],"about":[{"href":"https:\/\/text-fenster.de\/index.php?rest_route=\/wp\/v2\/types\/page"}],"author":[{"embeddable":true,"href":"https:\/\/text-fenster.de\/index.php?rest_route=\/wp\/v2\/users\/1"}],"replies":[{"embeddable":true,"href":"https:\/\/text-fenster.de\/index.php?rest_route=%2Fwp%2Fv2%2Fcomments&post=2"}],"version-history":[{"count":60,"href":"https:\/\/text-fenster.de\/index.php?rest_route=\/wp\/v2\/pages\/2\/revisions"}],"predecessor-version":[{"id":143,"href":"https:\/\/text-fenster.de\/index.php?rest_route=\/wp\/v2\/pages\/2\/revisions\/143"}],"wp:attachment":[{"href":"https:\/\/text-fenster.de\/index.php?rest_route=%2Fwp%2Fv2%2Fmedia&parent=2"}],"curies":[{"name":"wp","href":"https:\/\/api.w.org\/{rel}","templated":true}]}}